{"id":55,"date":"2023-10-31T14:45:36","date_gmt":"2023-10-31T13:45:36","guid":{"rendered":"https:\/\/cepee.org\/?page_id=55"},"modified":"2025-02-14T18:43:13","modified_gmt":"2025-02-14T17:43:13","slug":"contact","status":"publish","type":"page","link":"https:\/\/cepee.org\/index.php\/contact\/","title":{"rendered":"Contact"},"content":{"rendered":"\t\t<div data-elementor-type=\"wp-page\" data-elementor-id=\"55\" class=\"elementor elementor-55\">\n\t\t\t\t<div class=\"elementor-element elementor-element-ca1fc17 e-flex e-con-boxed e-con e-parent\" data-id=\"ca1fc17\" data-element_type=\"container\" data-e-type=\"container\" data-settings=\"{&quot;background_background&quot;:&quot;classic&quot;}\">\n\t\t\t\t\t<div class=\"e-con-inner\">\n\t\t<div class=\"elementor-element elementor-element-211f313 e-con-full e-flex e-con e-child\" data-id=\"211f313\" data-element_type=\"container\" data-e-type=\"container\">\n\t\t\t\t<div class=\"elementor-element elementor-element-6ab8246 elementor-widget elementor-widget-spacer\" data-id=\"6ab8246\" data-element_type=\"widget\" data-e-type=\"widget\" data-widget_type=\"spacer.default\">\n\t\t\t\t<div class=\"elementor-widget-container\">\n\t\t\t\t\t\t\t<div class=\"elementor-spacer\">\n\t\t\t<div class=\"elementor-spacer-inner\"><\/div>\n\t\t<\/div>\n\t\t\t\t\t\t<\/div>\n\t\t\t\t<\/div>\n\t\t\t\t<div class=\"elementor-element elementor-element-f81b34a elementor-view-default elementor-widget elementor-widget-icon\" data-id=\"f81b34a\" data-element_type=\"widget\" data-e-type=\"widget\" data-widget_type=\"icon.default\">\n\t\t\t\t<div class=\"elementor-widget-container\">\n\t\t\t\t\t\t\t<div class=\"elementor-icon-wrapper\">\n\t\t\t<div class=\"elementor-icon\">\n\t\t\t<i aria-hidden=\"true\" class=\"far fa-envelope\"><\/i>\t\t\t<\/div>\n\t\t<\/div>\n\t\t\t\t\t\t<\/div>\n\t\t\t\t<\/div>\n\t\t\t\t<div class=\"elementor-element elementor-element-83198d6 elementor-widget elementor-widget-text-editor\" data-id=\"83198d6\" data-element_type=\"widget\" data-e-type=\"widget\" data-widget_type=\"text-editor.default\">\n\t\t\t\t<div class=\"elementor-widget-container\">\n\t\t\t\t\t\t\t\t\t<h1 style=\"text-align: center;\"><span style=\"color: #ffffff;\">cepee.communion@gmail.com<\/span><\/h1><div style=\"text-align: center;\"><span style=\"color: #ffffff;\">47 bis rue de Grammont, 70300 Luxeuil-les-Bains<\/span><\/div>\t\t\t\t\t\t\t\t<\/div>\n\t\t\t\t<\/div>\n\t\t\t\t<div class=\"elementor-element elementor-element-5971d96 elementor-view-default elementor-widget elementor-widget-icon\" data-id=\"5971d96\" data-element_type=\"widget\" data-e-type=\"widget\" data-widget_type=\"icon.default\">\n\t\t\t\t<div class=\"elementor-widget-container\">\n\t\t\t\t\t\t\t<div class=\"elementor-icon-wrapper\">\n\t\t\t<div class=\"elementor-icon\">\n\t\t\t<i aria-hidden=\"true\" class=\"far fa-calendar-alt\"><\/i>\t\t\t<\/div>\n\t\t<\/div>\n\t\t\t\t\t\t<\/div>\n\t\t\t\t<\/div>\n\t\t\t\t<div class=\"elementor-element elementor-element-5001a2e elementor-widget elementor-widget-text-editor\" data-id=\"5001a2e\" data-element_type=\"widget\" data-e-type=\"widget\" data-widget_type=\"text-editor.default\">\n\t\t\t\t<div class=\"elementor-widget-container\">\n\t\t\t\t\t\t\t\t\t<h1 style=\"text-align: center;\"><span style=\"color: #ffffff;\">Minist\u00e9rielle en visio-conf\u00e9rence<\/span><\/h1>\n<div style=\"text-align: center;\"><font color=\"#ffffff\">en novembre<\/font><\/div>\n<div>&nbsp;<\/div>\n<div>\n<h1 style=\"text-align: center;\"><span style=\"color: #ffffff;\">Rencontre annuelle<\/span><\/h1>\n<div style=\"text-align: center;\"><span style=\"color: #ffffff;\">week-end de pentec\u00f4te<\/span><\/div><div style=\"text-align: center;\"><span style=\"color: #ffffff;\">samedi \u00e0 lundi<\/span><\/div>\n<\/div>\t\t\t\t\t\t\t\t<\/div>\n\t\t\t\t<\/div>\n\t\t\t\t<div class=\"elementor-element elementor-element-a207d0a elementor-widget elementor-widget-spacer\" data-id=\"a207d0a\" data-element_type=\"widget\" data-e-type=\"widget\" data-widget_type=\"spacer.default\">\n\t\t\t\t<div class=\"elementor-widget-container\">\n\t\t\t\t\t\t\t<div class=\"elementor-spacer\">\n\t\t\t<div class=\"elementor-spacer-inner\"><\/div>\n\t\t<\/div>\n\t\t\t\t\t\t<\/div>\n\t\t\t\t<\/div>\n\t\t\t\t<\/div>\n\t\t\t\t\t<\/div>\n\t\t\t\t<\/div>\n\t\t\t\t<\/div>\n\t\t","protected":false},"excerpt":{"rendered":"<p>cepee.communion@gmail.com 47 bis rue de Grammont, 70300 Luxeuil-les-Bains Minist\u00e9rielle en visio-conf\u00e9rence en novembre &nbsp; Rencontre annuelle week-end de pentec\u00f4tesamedi \u00e0 lundi<\/p>\n","protected":false},"author":1,"featured_media":0,"parent":0,"menu_order":0,"comment_status":"closed","ping_status":"closed","template":"","meta":{"footnotes":""},"class_list":["post-55","page","type-page","status-publish","hentry"],"_links":{"self":[{"href":"https:\/\/cepee.org\/index.php\/wp-json\/wp\/v2\/pages\/55","targetHints":{"allow":["GET"]}}],"collection":[{"href":"https:\/\/cepee.org\/index.php\/wp-json\/wp\/v2\/pages"}],"about":[{"href":"https:\/\/cepee.org\/index.php\/wp-json\/wp\/v2\/types\/page"}],"author":[{"embeddable":true,"href":"https:\/\/cepee.org\/index.php\/wp-json\/wp\/v2\/users\/1"}],"replies":[{"embeddable":true,"href":"https:\/\/cepee.org\/index.php\/wp-json\/wp\/v2\/comments?post=55"}],"version-history":[{"count":45,"href":"https:\/\/cepee.org\/index.php\/wp-json\/wp\/v2\/pages\/55\/revisions"}],"predecessor-version":[{"id":558,"href":"https:\/\/cepee.org\/index.php\/wp-json\/wp\/v2\/pages\/55\/revisions\/558"}],"wp:attachment":[{"href":"https:\/\/cepee.org\/index.php\/wp-json\/wp\/v2\/media?parent=55"}],"curies":[{"name":"wp","href":"https:\/\/api.w.org\/{rel}","templated":true}]}}