{"id":39,"date":"2023-10-31T14:27:16","date_gmt":"2023-10-31T13:27:16","guid":{"rendered":"https:\/\/cepee.org\/?page_id=39"},"modified":"2026-02-03T10:51:03","modified_gmt":"2026-02-03T09:51:03","slug":"la-cepee","status":"publish","type":"page","link":"https:\/\/cepee.org\/","title":{"rendered":"C\u00e9p\u00e9e"},"content":{"rendered":"\t\t<div data-elementor-type=\"wp-page\" data-elementor-id=\"39\" class=\"elementor elementor-39\">\n\t\t\t\t<div class=\"elementor-element elementor-element-b3ff53f e-flex e-con-boxed e-con e-parent\" data-id=\"b3ff53f\" data-element_type=\"container\" data-e-type=\"container\" data-settings=\"{&quot;background_background&quot;:&quot;classic&quot;}\">\n\t\t\t\t\t<div class=\"e-con-inner\">\n\t\t\t\t<div class=\"elementor-element elementor-element-258ec44 elementor-widget elementor-widget-spacer\" data-id=\"258ec44\" data-element_type=\"widget\" data-e-type=\"widget\" data-widget_type=\"spacer.default\">\n\t\t\t\t<div class=\"elementor-widget-container\">\n\t\t\t\t\t\t\t<div class=\"elementor-spacer\">\n\t\t\t<div class=\"elementor-spacer-inner\"><\/div>\n\t\t<\/div>\n\t\t\t\t\t\t<\/div>\n\t\t\t\t<\/div>\n\t\t\t\t<div class=\"elementor-element elementor-element-f89742d elementor-view-default elementor-widget elementor-widget-icon\" data-id=\"f89742d\" data-element_type=\"widget\" data-e-type=\"widget\" data-widget_type=\"icon.default\">\n\t\t\t\t<div class=\"elementor-widget-container\">\n\t\t\t\t\t\t\t<div class=\"elementor-icon-wrapper\">\n\t\t\t<div class=\"elementor-icon\">\n\t\t\t<i aria-hidden=\"true\" class=\"far fa-dot-circle\"><\/i>\t\t\t<\/div>\n\t\t<\/div>\n\t\t\t\t\t\t<\/div>\n\t\t\t\t<\/div>\n\t\t\t\t<div class=\"elementor-element elementor-element-39a5b86 elementor-widget elementor-widget-text-editor\" data-id=\"39a5b86\" data-element_type=\"widget\" data-e-type=\"widget\" data-widget_type=\"text-editor.default\">\n\t\t\t\t<div class=\"elementor-widget-container\">\n\t\t\t\t\t\t\t\t\t<h2>Une communion pour manifester l&#8217;amour de J\u00e9sus et annoncer la bonne nouvelle.<br \/><br \/>Une famille d&#8217;\u00e9glise pour vivre la diversit\u00e9 et l&#8217;ouverture fraternelle \u00e0 toutes les familles chr\u00e9tiennes.\u00a0<br \/><br \/>Une filiation nationale aux deux familles protestante et \u00e9vang\u00e9lique.<\/h2>\t\t\t\t\t\t\t\t<\/div>\n\t\t\t\t<\/div>\n\t\t\t\t<div class=\"elementor-element elementor-element-0f0d938 elementor-view-default elementor-widget elementor-widget-icon\" data-id=\"0f0d938\" data-element_type=\"widget\" data-e-type=\"widget\" data-widget_type=\"icon.default\">\n\t\t\t\t<div class=\"elementor-widget-container\">\n\t\t\t\t\t\t\t<div class=\"elementor-icon-wrapper\">\n\t\t\t<div class=\"elementor-icon\">\n\t\t\t<i aria-hidden=\"true\" class=\"far fa-calendar-alt\"><\/i>\t\t\t<\/div>\n\t\t<\/div>\n\t\t\t\t\t\t<\/div>\n\t\t\t\t<\/div>\n\t\t\t\t<div class=\"elementor-element elementor-element-a9b4f1a elementor-widget elementor-widget-text-editor\" data-id=\"a9b4f1a\" data-element_type=\"widget\" data-e-type=\"widget\" data-widget_type=\"text-editor.default\">\n\t\t\t\t<div class=\"elementor-widget-container\">\n\t\t\t\t\t\t\t\t\t<ul><li style=\"text-align: left;\"><p>Minist\u00e9rielle en visio-conf\u00e9rence : en novembre<\/p><\/li><li style=\"text-align: left;\"><p>Rencontre annuelle\u00a0<span style=\"background-color: transparent;\">2026\u00a0<\/span><span style=\"background-color: transparent;\">\u00e0 Besan\u00e7on\u00a0 : samedi 23 mai \u00e0 12h \u00e0 lundi 25 mai \u00e0 14h<\/span><\/p><\/li><\/ul>\t\t\t\t\t\t\t\t<\/div>\n\t\t\t\t<\/div>\n\t\t\t\t\t<\/div>\n\t\t\t\t<\/div>\n\t\t<div class=\"elementor-element elementor-element-b5db74f e-flex e-con-boxed e-con e-parent\" data-id=\"b5db74f\" data-element_type=\"container\" data-e-type=\"container\">\n\t\t\t\t\t<div class=\"e-con-inner\">\n\t\t<div class=\"elementor-element elementor-element-8ef35a6 e-con-full e-flex e-con e-child\" data-id=\"8ef35a6\" data-element_type=\"container\" data-e-type=\"container\">\n\t\t\t\t<div class=\"elementor-element elementor-element-b8deafe elementor-widget elementor-widget-spacer\" data-id=\"b8deafe\" data-element_type=\"widget\" data-e-type=\"widget\" data-widget_type=\"spacer.default\">\n\t\t\t\t<div class=\"elementor-widget-container\">\n\t\t\t\t\t\t\t<div class=\"elementor-spacer\">\n\t\t\t<div class=\"elementor-spacer-inner\"><\/div>\n\t\t<\/div>\n\t\t\t\t\t\t<\/div>\n\t\t\t\t<\/div>\n\t\t\t\t<div class=\"elementor-element elementor-element-99b4cff elementor-widget elementor-widget-heading\" data-id=\"99b4cff\" data-element_type=\"widget\" data-e-type=\"widget\" data-widget_type=\"heading.default\">\n\t\t\t\t<div class=\"elementor-widget-container\">\n\t\t\t\t\t<h2 class=\"elementor-heading-title elementor-size-default\">notre Identit\u00e9<\/h2>\t\t\t\t<\/div>\n\t\t\t\t<\/div>\n\t\t\t\t<div class=\"elementor-element elementor-element-b7ca465 elementor-widget elementor-widget-image\" data-id=\"b7ca465\" data-element_type=\"widget\" data-e-type=\"widget\" data-widget_type=\"image.default\">\n\t\t\t\t<div class=\"elementor-widget-container\">\n\t\t\t\t\t\t\t\t\t\t\t\t\t\t\t<img decoding=\"async\" width=\"186\" height=\"202\" src=\"https:\/\/cepee.org\/wp-content\/uploads\/2023\/10\/bouleaux-cepee-e1698765009120.jpg\" class=\"attachment-full size-full wp-image-59\" alt=\"\" \/>\t\t\t\t\t\t\t\t\t\t\t\t\t\t\t<\/div>\n\t\t\t\t<\/div>\n\t\t\t\t<div class=\"elementor-element elementor-element-860a7ea elementor-widget elementor-widget-spacer\" data-id=\"860a7ea\" data-element_type=\"widget\" data-e-type=\"widget\" data-widget_type=\"spacer.default\">\n\t\t\t\t<div class=\"elementor-widget-container\">\n\t\t\t\t\t\t\t<div class=\"elementor-spacer\">\n\t\t\t<div class=\"elementor-spacer-inner\"><\/div>\n\t\t<\/div>\n\t\t\t\t\t\t<\/div>\n\t\t\t\t<\/div>\n\t\t\t\t<\/div>\n\t\t<div class=\"elementor-element elementor-element-ff69d18 e-con-full e-flex e-con e-child\" data-id=\"ff69d18\" data-element_type=\"container\" data-e-type=\"container\">\n\t\t\t\t<div class=\"elementor-element elementor-element-d0a896a elementor-widget elementor-widget-text-editor\" data-id=\"d0a896a\" data-element_type=\"widget\" data-e-type=\"widget\" data-widget_type=\"text-editor.default\">\n\t\t\t\t<div class=\"elementor-widget-container\">\n\t\t\t\t\t\t\t\t\t<pre>\"Une c\u00e9p\u00e9e est une touffe de tiges (ou de rejets de bois) sortant de la souche d'un arbre qui a \u00e9t\u00e9 coup\u00e9. Chaque branche est distincte l'une de l'autre, mais elles se nourrissent toutes par les m\u00eames racines.\"<\/pre><p><b>C\u00e9p\u00e9e est une communion d&#8217;\u00e9glises \u00e9vang\u00e9liques <\/b>qui souhaite marquer son appartenance \u00e0 la famille Protestante. Elle est constitu\u00e9e en association depuis 1998.<\/p><p>Elle recherche <b>l&#8217;unit\u00e9 dans la diversit\u00e9<\/b> et souhaite annoncer l&#8217;Evangile de mani\u00e8re pertinente pour la soci\u00e9t\u00e9 d&#8217;aujourd&#8217;hui.<\/p><p><b>Ouverte sur le monde et les autres familles chr\u00e9tiennes<\/b>, elle se consid\u00e8re comme une branche parmi d&#8217;autres, enracin\u00e9e en J\u00e9sus-Christ.\u00a0<\/p>\t\t\t\t\t\t\t\t<\/div>\n\t\t\t\t<\/div>\n\t\t\t\t<div class=\"elementor-element elementor-element-541e055 elementor-widget elementor-widget-spacer\" data-id=\"541e055\" data-element_type=\"widget\" data-e-type=\"widget\" data-widget_type=\"spacer.default\">\n\t\t\t\t<div class=\"elementor-widget-container\">\n\t\t\t\t\t\t\t<div class=\"elementor-spacer\">\n\t\t\t<div class=\"elementor-spacer-inner\"><\/div>\n\t\t<\/div>\n\t\t\t\t\t\t<\/div>\n\t\t\t\t<\/div>\n\t\t\t\t<\/div>\n\t\t\t\t\t<\/div>\n\t\t\t\t<\/div>\n\t\t<div class=\"elementor-element elementor-element-3246dac e-flex e-con-boxed e-con e-parent\" data-id=\"3246dac\" data-element_type=\"container\" data-e-type=\"container\" data-settings=\"{&quot;background_background&quot;:&quot;classic&quot;}\">\n\t\t\t\t\t<div class=\"e-con-inner\">\n\t\t\t\t\t<\/div>\n\t\t\t\t<\/div>\n\t\t<div class=\"elementor-element elementor-element-982533f e-flex e-con-boxed e-con e-parent\" data-id=\"982533f\" data-element_type=\"container\" data-e-type=\"container\">\n\t\t\t\t\t<div class=\"e-con-inner\">\n\t\t<div class=\"elementor-element elementor-element-99f6b9b e-con-full e-flex e-con e-child\" data-id=\"99f6b9b\" data-element_type=\"container\" data-e-type=\"container\">\n\t\t\t\t<div class=\"elementor-element elementor-element-2219013 elementor-widget elementor-widget-spacer\" data-id=\"2219013\" data-element_type=\"widget\" data-e-type=\"widget\" data-widget_type=\"spacer.default\">\n\t\t\t\t<div class=\"elementor-widget-container\">\n\t\t\t\t\t\t\t<div class=\"elementor-spacer\">\n\t\t\t<div class=\"elementor-spacer-inner\"><\/div>\n\t\t<\/div>\n\t\t\t\t\t\t<\/div>\n\t\t\t\t<\/div>\n\t\t\t\t<div class=\"elementor-element elementor-element-f6f2fbe elementor-widget elementor-widget-heading\" data-id=\"f6f2fbe\" data-element_type=\"widget\" data-e-type=\"widget\" data-widget_type=\"heading.default\">\n\t\t\t\t<div class=\"elementor-widget-container\">\n\t\t\t\t\t<h1 class=\"elementor-heading-title elementor-size-xxl\">Nos fondements<\/h1>\t\t\t\t<\/div>\n\t\t\t\t<\/div>\n\t\t\t\t<div class=\"elementor-element elementor-element-44a6aa5 elementor-widget elementor-widget-text-editor\" data-id=\"44a6aa5\" data-element_type=\"widget\" data-e-type=\"widget\" data-widget_type=\"text-editor.default\">\n\t\t\t\t<div class=\"elementor-widget-container\">\n\t\t\t\t\t\t\t\t\t<p>-L&#8217;adh\u00e9sion \u00e0 une <strong>confession\u00a0de foi de type \u00e9vang\u00e9lique<\/strong> qui souligne l&#8217;autorit\u00e9 normative de la Bible.<\/p><p>-La <strong>reconnaissance des minist\u00e8res hommes et femmes<\/strong> et l&#8217;exercice coll\u00e9gial de l&#8217;autorit\u00e9 dans l&#8217;\u00e9glise locale.<\/p><p>-La <strong>pratique du bapt\u00eame sur confession de foi<\/strong>.<\/p><p>-L&#8217;accueil, la reconnaissance et <strong>la pratique des dons spirituels pour l&#8217;\u00e9dification et le t\u00e9moignage<\/strong>, dans un souci de conformit\u00e9 \u00e0 l&#8217;enseignement biblique, dans l&#8217;humilit\u00e9 et la foi.\u00a0<\/p>\t\t\t\t\t\t\t\t<\/div>\n\t\t\t\t<\/div>\n\t\t\t\t<div class=\"elementor-element elementor-element-9ada443 elementor-widget elementor-widget-spacer\" data-id=\"9ada443\" data-element_type=\"widget\" data-e-type=\"widget\" data-widget_type=\"spacer.default\">\n\t\t\t\t<div class=\"elementor-widget-container\">\n\t\t\t\t\t\t\t<div class=\"elementor-spacer\">\n\t\t\t<div class=\"elementor-spacer-inner\"><\/div>\n\t\t<\/div>\n\t\t\t\t\t\t<\/div>\n\t\t\t\t<\/div>\n\t\t\t\t<\/div>\n\t\t<div class=\"elementor-element elementor-element-39cb6a7 e-con-full e-flex e-con e-child\" data-id=\"39cb6a7\" data-element_type=\"container\" data-e-type=\"container\">\n\t\t\t\t<div class=\"elementor-element elementor-element-18a6ba4 elementor-widget elementor-widget-spacer\" data-id=\"18a6ba4\" data-element_type=\"widget\" data-e-type=\"widget\" data-widget_type=\"spacer.default\">\n\t\t\t\t<div class=\"elementor-widget-container\">\n\t\t\t\t\t\t\t<div class=\"elementor-spacer\">\n\t\t\t<div class=\"elementor-spacer-inner\"><\/div>\n\t\t<\/div>\n\t\t\t\t\t\t<\/div>\n\t\t\t\t<\/div>\n\t\t\t\t<div class=\"elementor-element elementor-element-0b3896a elementor-widget elementor-widget-image\" data-id=\"0b3896a\" data-element_type=\"widget\" data-e-type=\"widget\" data-widget_type=\"image.default\">\n\t\t\t\t<div class=\"elementor-widget-container\">\n\t\t\t\t\t\t\t\t\t\t\t\t\t\t\t<img fetchpriority=\"high\" decoding=\"async\" width=\"435\" height=\"424\" src=\"https:\/\/cepee.org\/wp-content\/uploads\/2023\/10\/logo-cepee-proposition.jpg\" class=\"attachment-large size-large wp-image-19\" alt=\"\" srcset=\"https:\/\/cepee.org\/wp-content\/uploads\/2023\/10\/logo-cepee-proposition.jpg 435w, https:\/\/cepee.org\/wp-content\/uploads\/2023\/10\/logo-cepee-proposition-300x292.jpg 300w\" sizes=\"(max-width: 435px) 100vw, 435px\" \/>\t\t\t\t\t\t\t\t\t\t\t\t\t\t\t<\/div>\n\t\t\t\t<\/div>\n\t\t\t\t<div class=\"elementor-element elementor-element-e54302c elementor-widget elementor-widget-spacer\" data-id=\"e54302c\" data-element_type=\"widget\" data-e-type=\"widget\" data-widget_type=\"spacer.default\">\n\t\t\t\t<div class=\"elementor-widget-container\">\n\t\t\t\t\t\t\t<div class=\"elementor-spacer\">\n\t\t\t<div class=\"elementor-spacer-inner\"><\/div>\n\t\t<\/div>\n\t\t\t\t\t\t<\/div>\n\t\t\t\t<\/div>\n\t\t\t\t<\/div>\n\t\t\t\t\t<\/div>\n\t\t\t\t<\/div>\n\t\t<div class=\"elementor-element elementor-element-de277cd e-flex e-con-boxed e-con e-parent\" data-id=\"de277cd\" data-element_type=\"container\" data-e-type=\"container\" data-settings=\"{&quot;background_background&quot;:&quot;classic&quot;}\">\n\t\t\t\t\t<div class=\"e-con-inner\">\n\t\t\t\t\t<\/div>\n\t\t\t\t<\/div>\n\t\t<div class=\"elementor-element elementor-element-d748d1a e-flex e-con-boxed e-con e-parent\" data-id=\"d748d1a\" data-element_type=\"container\" data-e-type=\"container\">\n\t\t\t\t\t<div class=\"e-con-inner\">\n\t\t<div class=\"elementor-element elementor-element-f960d98 e-con-full e-flex e-con e-child\" data-id=\"f960d98\" data-element_type=\"container\" data-e-type=\"container\">\n\t\t\t\t<div class=\"elementor-element elementor-element-d9d7e58 elementor-widget elementor-widget-spacer\" data-id=\"d9d7e58\" data-element_type=\"widget\" data-e-type=\"widget\" data-widget_type=\"spacer.default\">\n\t\t\t\t<div class=\"elementor-widget-container\">\n\t\t\t\t\t\t\t<div class=\"elementor-spacer\">\n\t\t\t<div class=\"elementor-spacer-inner\"><\/div>\n\t\t<\/div>\n\t\t\t\t\t\t<\/div>\n\t\t\t\t<\/div>\n\t\t\t\t<div class=\"elementor-element elementor-element-f91ddec elementor-widget elementor-widget-heading\" data-id=\"f91ddec\" data-element_type=\"widget\" data-e-type=\"widget\" data-widget_type=\"heading.default\">\n\t\t\t\t<div class=\"elementor-widget-container\">\n\t\t\t\t\t<h2 class=\"elementor-heading-title elementor-size-default\">Notre Mission<\/h2>\t\t\t\t<\/div>\n\t\t\t\t<\/div>\n\t\t\t\t<div class=\"elementor-element elementor-element-c39ac7b elementor-widget elementor-widget-image\" data-id=\"c39ac7b\" data-element_type=\"widget\" data-e-type=\"widget\" data-widget_type=\"image.default\">\n\t\t\t\t<div class=\"elementor-widget-container\">\n\t\t\t\t\t\t\t\t\t\t\t\t\t\t\t<img decoding=\"async\" width=\"800\" height=\"532\" src=\"https:\/\/cepee.org\/wp-content\/uploads\/2023\/10\/La-chambre-haute-e1698764971824-1024x681.png\" class=\"attachment-large size-large wp-image-126\" alt=\"\" srcset=\"https:\/\/cepee.org\/wp-content\/uploads\/2023\/10\/La-chambre-haute-e1698764971824-1024x681.png 1024w, https:\/\/cepee.org\/wp-content\/uploads\/2023\/10\/La-chambre-haute-e1698764971824-300x200.png 300w, https:\/\/cepee.org\/wp-content\/uploads\/2023\/10\/La-chambre-haute-e1698764971824-768x511.png 768w, https:\/\/cepee.org\/wp-content\/uploads\/2023\/10\/La-chambre-haute-e1698764971824.png 1413w\" sizes=\"(max-width: 800px) 100vw, 800px\" \/>\t\t\t\t\t\t\t\t\t\t\t\t\t\t\t<\/div>\n\t\t\t\t<\/div>\n\t\t\t\t<div class=\"elementor-element elementor-element-f64f0eb elementor-widget elementor-widget-spacer\" data-id=\"f64f0eb\" data-element_type=\"widget\" data-e-type=\"widget\" data-widget_type=\"spacer.default\">\n\t\t\t\t<div class=\"elementor-widget-container\">\n\t\t\t\t\t\t\t<div class=\"elementor-spacer\">\n\t\t\t<div class=\"elementor-spacer-inner\"><\/div>\n\t\t<\/div>\n\t\t\t\t\t\t<\/div>\n\t\t\t\t<\/div>\n\t\t\t\t<\/div>\n\t\t<div class=\"elementor-element elementor-element-563cf2f e-con-full e-flex e-con e-child\" data-id=\"563cf2f\" data-element_type=\"container\" data-e-type=\"container\">\n\t\t\t\t<div class=\"elementor-element elementor-element-558d8a3 elementor-widget elementor-widget-spacer\" data-id=\"558d8a3\" data-element_type=\"widget\" data-e-type=\"widget\" data-widget_type=\"spacer.default\">\n\t\t\t\t<div class=\"elementor-widget-container\">\n\t\t\t\t\t\t\t<div class=\"elementor-spacer\">\n\t\t\t<div class=\"elementor-spacer-inner\"><\/div>\n\t\t<\/div>\n\t\t\t\t\t\t<\/div>\n\t\t\t\t<\/div>\n\t\t\t\t<div class=\"elementor-element elementor-element-7cec5b5 elementor-widget elementor-widget-spacer\" data-id=\"7cec5b5\" data-element_type=\"widget\" data-e-type=\"widget\" data-widget_type=\"spacer.default\">\n\t\t\t\t<div class=\"elementor-widget-container\">\n\t\t\t\t\t\t\t<div class=\"elementor-spacer\">\n\t\t\t<div class=\"elementor-spacer-inner\"><\/div>\n\t\t<\/div>\n\t\t\t\t\t\t<\/div>\n\t\t\t\t<\/div>\n\t\t\t\t<div class=\"elementor-element elementor-element-b554d5b elementor-widget elementor-widget-text-editor\" data-id=\"b554d5b\" data-element_type=\"widget\" data-e-type=\"widget\" data-widget_type=\"text-editor.default\">\n\t\t\t\t<div class=\"elementor-widget-container\">\n\t\t\t\t\t\t\t\t\t<p>-Travailler \u00e0 <b>rassembler des \u00e9glises <\/b>de sensibilit\u00e9 \u00e9vang\u00e9lique<b> <\/b>qui souhaitent \u00e9viter l&#8217;isolement et ressentent le besoin d&#8217;\u00eatre en relation avec l&#8217;ensemble du protestantisme.<\/p><p>-Stimuler et <b>d\u00e9velopper un dialogue<\/b> entre elles, en vue d&#8217;un enrichissement mutuel, tant par l&#8217;\u00e9change de r\u00e9flexions et d&#8217;\u00e9tudes que par le partage d&#8217;exp\u00e9riences.<\/p><p>-Encourager et favoriser un esprit\u00a0<span style=\"color: var( --e-global-color-text ); font-family: var( --e-global-typography-text-font-family ), Sans-serif; font-size: var( --e-global-typography-text-font-size ); font-weight: var( --e-global-typography-text-font-weight ); text-align: var(--text-align);\">de dialogue et\u00a0<\/span><span style=\"color: var( --e-global-color-text ); font-family: var( --e-global-typography-text-font-family ), Sans-serif; font-size: var( --e-global-typography-text-font-size ); font-weight: var( --e-global-typography-text-font-weight ); text-align: var(--text-align);\">d&#8217;<strong>ouverture fraternelle<\/strong> \u00e0 l&#8217;\u00e9gard des autres familles chr\u00e9tiennes.<\/span><\/p><p>-Contribuer \u00e0 l&#8217;<strong>annonce de l&#8217;Evangile<\/strong> dans le respect des personnes.<\/p><p>-Dans la mesure de nos moyens, <strong>prendre soin des plus faibles<\/strong> dans une soci\u00e9t\u00e9 fortement ax\u00e9e sur le mat\u00e9rialisme.<\/p>\t\t\t\t\t\t\t\t<\/div>\n\t\t\t\t<\/div>\n\t\t\t\t<\/div>\n\t\t\t\t\t<\/div>\n\t\t\t\t<\/div>\n\t\t<div class=\"elementor-element elementor-element-db2aef9 e-flex e-con-boxed e-con e-parent\" data-id=\"db2aef9\" data-element_type=\"container\" data-e-type=\"container\" data-settings=\"{&quot;background_background&quot;:&quot;classic&quot;}\">\n\t\t\t\t\t<div class=\"e-con-inner\">\n\t\t\t\t\t<\/div>\n\t\t\t\t<\/div>\n\t\t<div class=\"elementor-element elementor-element-9f2c05e e-con-full e-flex e-con e-parent\" data-id=\"9f2c05e\" data-element_type=\"container\" data-e-type=\"container\">\n\t\t<div class=\"elementor-element elementor-element-55bbf70 e-con-full e-flex e-con e-child\" data-id=\"55bbf70\" data-element_type=\"container\" data-e-type=\"container\">\n\t\t\t\t<div class=\"elementor-element elementor-element-32be64b elementor-widget elementor-widget-spacer\" data-id=\"32be64b\" data-element_type=\"widget\" data-e-type=\"widget\" data-widget_type=\"spacer.default\">\n\t\t\t\t<div class=\"elementor-widget-container\">\n\t\t\t\t\t\t\t<div class=\"elementor-spacer\">\n\t\t\t<div class=\"elementor-spacer-inner\"><\/div>\n\t\t<\/div>\n\t\t\t\t\t\t<\/div>\n\t\t\t\t<\/div>\n\t\t\t\t<div class=\"elementor-element elementor-element-b466cda elementor-widget elementor-widget-heading\" data-id=\"b466cda\" data-element_type=\"widget\" data-e-type=\"widget\" data-widget_type=\"heading.default\">\n\t\t\t\t<div class=\"elementor-widget-container\">\n\t\t\t\t\t<h2 class=\"elementor-heading-title elementor-size-default\">LE conseil de C\u00e9p\u00e9e<\/h2>\t\t\t\t<\/div>\n\t\t\t\t<\/div>\n\t\t\t\t<div class=\"elementor-element elementor-element-fc1f4f1 elementor-widget__width-initial elementor-widget elementor-widget-text-editor\" data-id=\"fc1f4f1\" data-element_type=\"widget\" data-e-type=\"widget\" data-widget_type=\"text-editor.default\">\n\t\t\t\t<div class=\"elementor-widget-container\">\n\t\t\t\t\t\t\t\t\t<p style=\"text-align: center;\"><span style=\"text-align: var(--text-align); color: var( --e-global-color-text ); font-family: var( --e-global-typography-text-font-family ), Sans-serif; font-size: var( --e-global-typography-text-font-size ); font-weight: var( --e-global-typography-text-font-weight );\">Jacques Leibe | Pr\u00e9sident<\/span><span style=\"text-align: var(--text-align); color: var( --e-global-color-text ); font-family: var( --e-global-typography-text-font-family ), Sans-serif; font-size: var( --e-global-typography-text-font-size ); font-weight: var( --e-global-typography-text-font-weight );\">\u00a0<\/span><\/p><p style=\"text-align: center;\">Jonathan Yoder | Vice-Pr\u00e9sident\u00a0<\/p><p style=\"text-align: center;\">J\u00e9r\u00e9my Riondet |\u00a0Tr\u00e9sorier\u00a0<\/p><p style=\"text-align: center;\">Manuel Jamey | Secr\u00e9taire<\/p><p style=\"text-align: center;\">Gilles Riondet\u00a0<\/p><p style=\"text-align: center;\">Bruno Lagorgette\u00a0<\/p>\t\t\t\t\t\t\t\t<\/div>\n\t\t\t\t<\/div>\n\t\t\t\t<div class=\"elementor-element elementor-element-3ce276b elementor-widget elementor-widget-spacer\" data-id=\"3ce276b\" data-element_type=\"widget\" data-e-type=\"widget\" data-widget_type=\"spacer.default\">\n\t\t\t\t<div class=\"elementor-widget-container\">\n\t\t\t\t\t\t\t<div class=\"elementor-spacer\">\n\t\t\t<div class=\"elementor-spacer-inner\"><\/div>\n\t\t<\/div>\n\t\t\t\t\t\t<\/div>\n\t\t\t\t<\/div>\n\t\t\t\t<\/div>\n\t\t\t\t<\/div>\n\t\t<div class=\"elementor-element elementor-element-4c444d0 e-flex e-con-boxed e-con e-parent\" data-id=\"4c444d0\" data-element_type=\"container\" data-e-type=\"container\" data-settings=\"{&quot;background_background&quot;:&quot;classic&quot;}\">\n\t\t\t\t\t<div class=\"e-con-inner\">\n\t\t\t\t\t<\/div>\n\t\t\t\t<\/div>\n\t\t\t\t<\/div>\n\t\t","protected":false},"excerpt":{"rendered":"<p>Une communion pour manifester l&#8217;amour de J\u00e9sus et annoncer la bonne nouvelle. Une famille d&#8217;\u00e9glise pour vivre la diversit\u00e9 et l&#8217;ouverture fraternelle \u00e0 toutes les familles chr\u00e9tiennes.\u00a0 Une filiation nationale aux deux familles protestante et \u00e9vang\u00e9lique. Minist\u00e9rielle en visio-conf\u00e9rence : en novembre Rencontre annuelle\u00a02026\u00a0\u00e0 Besan\u00e7on\u00a0 : samedi 23 mai \u00e0 12h \u00e0 lundi 25 mai [&hellip;]<\/p>\n","protected":false},"author":1,"featured_media":0,"parent":0,"menu_order":0,"comment_status":"closed","ping_status":"closed","template":"elementor_header_footer","meta":{"footnotes":""},"class_list":["post-39","page","type-page","status-publish","hentry"],"_links":{"self":[{"href":"https:\/\/cepee.org\/index.php\/wp-json\/wp\/v2\/pages\/39","targetHints":{"allow":["GET"]}}],"collection":[{"href":"https:\/\/cepee.org\/index.php\/wp-json\/wp\/v2\/pages"}],"about":[{"href":"https:\/\/cepee.org\/index.php\/wp-json\/wp\/v2\/types\/page"}],"author":[{"embeddable":true,"href":"https:\/\/cepee.org\/index.php\/wp-json\/wp\/v2\/users\/1"}],"replies":[{"embeddable":true,"href":"https:\/\/cepee.org\/index.php\/wp-json\/wp\/v2\/comments?post=39"}],"version-history":[{"count":218,"href":"https:\/\/cepee.org\/index.php\/wp-json\/wp\/v2\/pages\/39\/revisions"}],"predecessor-version":[{"id":578,"href":"https:\/\/cepee.org\/index.php\/wp-json\/wp\/v2\/pages\/39\/revisions\/578"}],"wp:attachment":[{"href":"https:\/\/cepee.org\/index.php\/wp-json\/wp\/v2\/media?parent=39"}],"curies":[{"name":"wp","href":"https:\/\/api.w.org\/{rel}","templated":true}]}}